{"id":26,"date":"2026-04-22T15:17:09","date_gmt":"2026-04-22T15:17:09","guid":{"rendered":"https:\/\/fhfufehfgu.cz\/?page_id=26"},"modified":"2026-04-22T15:29:07","modified_gmt":"2026-04-22T15:29:07","slug":"sultan-soliman","status":"publish","type":"page","link":"https:\/\/fhfufehfgu.cz\/?page_id=26","title":{"rendered":"sultan soliman"},"content":{"rendered":"\n<p>R\u00e1no jsem se probudil, a zat\u00edm jsem neusnul. nezb\u00fdv\u00e1 nic jen spadnout do postele.<\/p>\n","protected":false},"excerpt":{"rendered":"<p>R\u00e1no jsem se probudil, a zat\u00edm jsem neusnul. nezb\u00fdv\u00e1 nic jen spadnout do postele.<\/p>\n","protected":false},"author":1,"featured_media":0,"parent":0,"menu_order":0,"comment_status":"closed","ping_status":"closed","template":"","meta":{"footnotes":""},"class_list":["post-26","page","type-page","status-publish","hentry"],"_links":{"self":[{"href":"https:\/\/fhfufehfgu.cz\/index.php?rest_route=\/wp\/v2\/pages\/26","targetHints":{"allow":["GET"]}}],"collection":[{"href":"https:\/\/fhfufehfgu.cz\/index.php?rest_route=\/wp\/v2\/pages"}],"about":[{"href":"https:\/\/fhfufehfgu.cz\/index.php?rest_route=\/wp\/v2\/types\/page"}],"author":[{"embeddable":true,"href":"https:\/\/fhfufehfgu.cz\/index.php?rest_route=\/wp\/v2\/users\/1"}],"replies":[{"embeddable":true,"href":"https:\/\/fhfufehfgu.cz\/index.php?rest_route=%2Fwp%2Fv2%2Fcomments&post=26"}],"version-history":[{"count":2,"href":"https:\/\/fhfufehfgu.cz\/index.php?rest_route=\/wp\/v2\/pages\/26\/revisions"}],"predecessor-version":[{"id":29,"href":"https:\/\/fhfufehfgu.cz\/index.php?rest_route=\/wp\/v2\/pages\/26\/revisions\/29"}],"wp:attachment":[{"href":"https:\/\/fhfufehfgu.cz\/index.php?rest_route=%2Fwp%2Fv2%2Fmedia&parent=26"}],"curies":[{"name":"wp","href":"https:\/\/api.w.org\/{rel}","templated":true}]}}